{"id":800,"date":"2025-11-24T20:11:34","date_gmt":"2025-11-24T19:11:34","guid":{"rendered":"https:\/\/biopolymerstrade.com\/?page_id=800"},"modified":"2025-11-24T20:27:20","modified_gmt":"2025-11-24T19:27:20","slug":"gdpr","status":"publish","type":"page","link":"https:\/\/biopolymerstrade.com\/en\/gdpr\/","title":{"rendered":"GDPR"},"content":{"rendered":"<div data-elementor-type=\"wp-page\" data-elementor-id=\"800\" class=\"elementor elementor-800\" data-elementor-post-type=\"page\">\n\t\t\t\t\t\t<section class=\"elementor-section elementor-top-section elementor-element elementor-element-d1cc96b elementor-section-boxed elementor-section-height-default elementor-section-height-default\" data-id=\"d1cc96b\" data-element_type=\"section\" data-e-type=\"section\">\n\t\t\t\t\t\t<div class=\"elementor-container elementor-column-gap-default\">\n\t\t\t\t\t<div class=\"elementor-column elementor-col-100 elementor-top-column elementor-element elementor-element-27114d0\" data-id=\"27114d0\" data-element_type=\"column\" data-e-type=\"column\">\n\t\t\t<div class=\"elementor-widget-wrap elementor-element-populated\">\n\t\t\t\t\t\t<div class=\"elementor-element elementor-element-7363cf3 elementor-widget elementor-widget-text-editor\" data-id=\"7363cf3\" data-element_type=\"widget\" data-e-type=\"widget\" data-widget_type=\"text-editor.default\">\n\t\t\t\t<div class=\"elementor-widget-container\">\n\t\t\t\t\t\t\t\t\t<p align=\"left\"><span style=\"font-family: Times New Roman, serif;\"><span style=\"font-size: medium;\"><b>Effective date: <\/b><\/span><\/span><span style=\"font-family: Times New Roman, serif;\"><span style=\"font-size: medium;\">01.01.2023<br \/><\/span><\/span><span style=\"font-family: Times New Roman, serif;\"><span style=\"font-size: medium;\"><b>Web:<\/b><\/span><\/span> <a href=\"https:\/\/biopolymerstrade.com\/en\"><span style=\"color: #0000ff;\"><span style=\"font-family: Times New Roman, serif;\"><span style=\"font-size: medium;\"><u>https:\/\/biopolymerstrade.com<\/u><\/span><\/span><\/span><\/a><span style=\"font-family: Times New Roman, serif;\"><span style=\"font-size: medium;\"><br \/><\/span><\/span><span style=\"font-family: Times New Roman, serif;\"><span style=\"font-size: medium;\"><b>Spolo\u010dnos\u0165:<\/b><\/span><\/span><span style=\"font-family: Times New Roman, serif;\"><span style=\"font-size: medium;\"> Biopolymers Trade s.r.o.<\/span><\/span><\/p><p align=\"left\"><span style=\"font-family: Times New Roman, serif;\"><span style=\"font-size: x-large;\"><b>1. Prev\u00e1dzkovate\u013e osobn\u00fdch \u00fadajov<\/b><\/span><\/span><\/p><p align=\"left\"><span style=\"font-family: Times New Roman, serif;\"><span style=\"font-size: medium;\">Biopolymers Trade s.r.o.<br \/>Adresa: Pal\u00e1nok 1, 949 01 Nitra, Slovensko<br \/>E-mail: info@biopolymerstrade.com<br \/>I\u010cO: 54492467<br \/>I\u010c DPH: SK2121689988,<br \/><\/span><\/span><\/p><p align=\"left\"><span style=\"font-family: Times New Roman, serif;\"><span style=\"font-size: x-large;\"><b>2. Ak\u00e9 osobn\u00e9 \u00fadaje sprac\u00favame<\/b><\/span><\/span><\/p><p align=\"left\"><span style=\"font-family: Times New Roman, serif;\"><span style=\"font-size: large;\"><b>2.1 \u00dadaje poskytnut\u00e9 pou\u017e\u00edvate\u013eom<\/b><\/span><\/span><\/p><ul><li><p align=\"left\"><span style=\"font-family: Times New Roman, serif;\"><span style=\"font-size: medium;\">Meno, obchodn\u00e9 meno<\/span><\/span><\/p><\/li><li><p align=\"left\"><span style=\"font-family: Times New Roman, serif;\"><span style=\"font-size: medium;\">E-mail, telef\u00f3n<\/span><\/span><\/p><\/li><li><p align=\"left\"><span style=\"font-family: Times New Roman, serif;\"><span style=\"font-size: medium;\">Obsah spr\u00e1vy<\/span><\/span><\/p><\/li><\/ul><p align=\"left\"><span style=\"font-family: Times New Roman, serif;\"><span style=\"font-size: large;\"><b>2.2 Automaticky zbieran\u00e9 technick\u00e9 \u00fadaje<\/b><\/span><\/span><\/p><ul><li><p align=\"left\"><span style=\"font-family: Times New Roman, serif;\"><span style=\"font-size: medium;\">IP adresa<\/span><\/span><\/p><\/li><li><p align=\"left\"><span style=\"font-family: Times New Roman, serif;\"><span style=\"font-size: medium;\">Typ prehliada\u010da a zariadenia<\/span><\/span><\/p><\/li><li><p align=\"left\"><span style=\"font-family: Times New Roman, serif;\"><span style=\"font-size: medium;\">Bezpe\u010dnostn\u00e9 logy<\/span><\/span><\/p><\/li><\/ul><p align=\"left\"><span style=\"font-family: Times New Roman, serif;\"><span style=\"font-size: medium;\">Nesprac\u00favame citliv\u00e9 \u00fadaje.<\/span><\/span><\/p><p align=\"left\"><span style=\"font-family: Times New Roman, serif;\"><span style=\"font-size: x-large;\"><b>3. Pr\u00e1vne z\u00e1klady sprac\u00favania (GDPR \u010dl\u00e1nok 6)<\/b><\/span><\/span><\/p><p align=\"left\"><span style=\"font-family: Times New Roman, serif;\"><span style=\"font-size: medium;\">Osobn\u00e9 \u00fadaje sprac\u00favame v\u00fdhradne na z\u00e1klade pr\u00e1vnych z\u00e1kladov uveden\u00fdch v <\/span><\/span><span style=\"font-family: Times New Roman, serif;\"><span style=\"font-size: medium;\"><b>\u010dl. 6 GDPR<\/b><\/span><\/span><span style=\"font-family: Times New Roman, serif;\"><span style=\"font-size: medium;\">:<\/span><\/span><\/p><ul><li><p align=\"left\"><span style=\"font-family: Times New Roman, serif;\"><span style=\"font-size: medium;\"><b>\u010cl. 6 ods. 1 p\u00edsm. a) \u2013 S\u00fahlas:<\/b><\/span><\/span><span style=\"font-family: Times New Roman, serif;\"><span style=\"font-size: medium;\"><br \/>Pre cookies, ktor\u00e9 nie s\u00fa nevyhnutn\u00e9 (analytick\u00e9, marketingov\u00e9).<\/span><\/span><\/p><\/li><li><p align=\"left\"><span style=\"font-family: Times New Roman, serif;\"><span style=\"font-size: medium;\"><b>\u010cl. 6 ods. 1 p\u00edsm. b) \u2013 Zmluva \/ predzmluvn\u00e9 konanie:<\/b><\/span><\/span><span style=\"font-family: Times New Roman, serif;\"><span style=\"font-size: medium;\"><br \/>Reakcia na dopyty, pr\u00edprava pon\u00fak, obchodn\u00e1 komunik\u00e1cia.<\/span><\/span><\/p><\/li><li><p align=\"left\"><span style=\"font-family: Times New Roman, serif;\"><span style=\"font-size: medium;\"><b>\u010cl. 6 ods. 1 p\u00edsm. c) \u2013 Z\u00e1konn\u00e1 povinnos\u0165:<\/b><\/span><\/span><span style=\"font-family: Times New Roman, serif;\"><span style=\"font-size: medium;\"><br \/>\u00da\u010dtovn\u00edctvo, da\u0148ov\u00e9 povinnosti, archiv\u00e1cia dokladov pod\u013ea z\u00e1kona.<\/span><\/span><\/p><\/li><li><p align=\"left\"><span style=\"font-family: Times New Roman, serif;\"><span style=\"font-size: medium;\"><b>\u010cl. 6 ods. 1 p\u00edsm. f) \u2013 Opr\u00e1vnen\u00fd z\u00e1ujem:<\/b><\/span><\/span><span style=\"font-family: Times New Roman, serif;\"><span style=\"font-size: medium;\"><br \/>Prev\u00e1dzka a ochrana webu, prevencia zneu\u017eitia, be\u017en\u00e1 B2B komunik\u00e1cia.<\/span><\/span><\/p><\/li><\/ul><p align=\"left\"><span style=\"font-family: Times New Roman, serif;\"><span style=\"font-size: medium;\">Sprac\u00favanie je v s\u00falade aj so z\u00e1konom <\/span><\/span><span style=\"font-family: Times New Roman, serif;\"><span style=\"font-size: medium;\"><b>\u010d. 18\/2018 Z. z. o ochrane osobn\u00fdch \u00fadajov<\/b><\/span><\/span><span style=\"font-family: Times New Roman, serif;\"><span style=\"font-size: medium;\">.<\/span><\/span><\/p><p align=\"left\"><span style=\"font-family: Times New Roman, serif;\"><span style=\"font-size: x-large;\"><b>4. Doba uchov\u00e1vania<\/b><\/span><\/span><\/p><ul><li><p align=\"left\"><span style=\"font-family: Times New Roman, serif;\"><span style=\"font-size: medium;\">Dopyty: <\/span><\/span><span style=\"font-family: Times New Roman, serif;\"><span style=\"font-size: medium;\"><b>do 3 rokov<\/b><\/span><\/span><\/p><\/li><li><p align=\"left\"><span style=\"font-family: Times New Roman, serif;\"><span style=\"font-size: medium;\">Obchodn\u00e9 dokumenty: pod\u013ea z\u00e1kona<\/span><\/span><\/p><\/li><li><p align=\"left\"><span style=\"font-family: Times New Roman, serif;\"><span style=\"font-size: medium;\">Logy: <\/span><\/span><span style=\"font-family: Times New Roman, serif;\"><span style=\"font-size: medium;\"><b>30\u201390 dn\u00ed<\/b><\/span><\/span><\/p><\/li><li><p align=\"left\"><span style=\"font-family: Times New Roman, serif;\"><span style=\"font-size: medium;\">Cookies: pod\u013ea trvania<\/span><\/span><\/p><\/li><\/ul><p align=\"left\"><span style=\"font-family: Times New Roman, serif;\"><span style=\"font-size: medium;\">Po uplynut\u00ed s\u00fa \u00fadaje vymazan\u00e9 alebo anonymizovan\u00e9.<\/span><\/span><\/p><p align=\"left\"><span style=\"font-family: Times New Roman, serif;\"><span style=\"font-size: x-large;\"><b>5. Pr\u00edjemcovia \u00fadajov<\/b><\/span><\/span><\/p><ul><li><p align=\"left\"><span style=\"font-family: Times New Roman, serif;\"><span style=\"font-size: medium;\">Webhosting<\/span><\/span><\/p><\/li><li><p align=\"left\"><span style=\"font-family: Times New Roman, serif;\"><span style=\"font-size: medium;\">E-mail slu\u017eby<\/span><\/span><\/p><\/li><li><p align=\"left\"><span style=\"font-family: Times New Roman, serif;\"><span style=\"font-size: medium;\">IT a bezpe\u010dnostn\u00e1 podpora<\/span><\/span><\/p><\/li><\/ul><p align=\"left\"><span style=\"font-family: Times New Roman, serif;\"><span style=\"font-size: medium;\">\u00dadaje <\/span><\/span><span style=\"font-family: Times New Roman, serif;\"><span style=\"font-size: medium;\"><b>nepred\u00e1vame<\/b><\/span><\/span><span style=\"font-family: Times New Roman, serif;\"><span style=\"font-size: medium;\">. V\u0161etci partneri s\u00fa viazan\u00ed GDPR zmluvou.<\/span><\/span><\/p><p align=\"left\"><span style=\"font-family: Times New Roman, serif;\"><span style=\"font-size: x-large;\"><b>6. Prenos do tret\u00edch kraj\u00edn<\/b><\/span><\/span><\/p><p align=\"left\"><span style=\"font-family: Times New Roman, serif;\"><span style=\"font-size: medium;\">Pri prenose mimo E\u00da\/EEA pou\u017e\u00edvame <\/span><\/span><span style=\"font-family: Times New Roman, serif;\"><span style=\"font-size: medium;\"><b>\u0161tandardn\u00e9 zmluvn\u00e9 dolo\u017eky (SCC)<\/b><\/span><\/span><span style=\"font-family: Times New Roman, serif;\"><span style=\"font-size: medium;\">.<\/span><\/span><\/p><p align=\"left\"><span style=\"font-family: Times New Roman, serif;\"><span style=\"font-size: x-large;\"><b>7. Pr\u00e1va dotknut\u00fdch os\u00f4b<\/b><\/span><\/span><\/p><ul><li><p align=\"left\"><span style=\"font-family: Times New Roman, serif;\"><span style=\"font-size: medium;\">pr\u00edstup<\/span><\/span><\/p><\/li><li><p align=\"left\"><span style=\"font-family: Times New Roman, serif;\"><span style=\"font-size: medium;\">oprava<\/span><\/span><\/p><\/li><li><p align=\"left\"><span style=\"font-family: Times New Roman, serif;\"><span style=\"font-size: medium;\">vymazanie<\/span><\/span><\/p><\/li><li><p align=\"left\"><span style=\"font-family: Times New Roman, serif;\"><span style=\"font-size: medium;\">obmedzenie sprac\u00favania<\/span><\/span><\/p><\/li><li><p align=\"left\"><span style=\"font-family: Times New Roman, serif;\"><span style=\"font-size: medium;\">n\u00e1mietka<\/span><\/span><\/p><\/li><li><p align=\"left\"><span style=\"font-family: Times New Roman, serif;\"><span style=\"font-size: medium;\">prenosite\u013enos\u0165<\/span><\/span><\/p><\/li><li><p align=\"left\"><span style=\"font-family: Times New Roman, serif;\"><span style=\"font-size: medium;\">odvolanie s\u00fahlasu<\/span><\/span><\/p><\/li><\/ul><p align=\"left\"><span style=\"font-family: Times New Roman, serif;\"><span style=\"font-size: medium;\">Po\u017eiadavky: <\/span><\/span><span style=\"font-family: Times New Roman, serif;\"><span style=\"font-size: medium;\"><b>info@biopolymerstrade.com<\/b><\/span><\/span><\/p><p align=\"left\"><span style=\"font-family: Times New Roman, serif;\"><span style=\"font-size: medium;\">Dozorn\u00fd org\u00e1n: \u00darad na ochranu osobn\u00fdch \u00fadajov SR<br \/>www.dataprotection.gov.sk<\/span><\/span><\/p><p align=\"left\"><span style=\"font-family: Times New Roman, serif;\"><span style=\"font-size: x-large;\"><b>8. Cookies Policy<\/b><\/span><\/span><\/p><p align=\"left\"><span style=\"font-family: Times New Roman, serif;\"><span style=\"font-size: large;\"><b>Typy cookies:<\/b><\/span><\/span><\/p><p align=\"left\"><span style=\"font-family: Times New Roman, serif;\"><span style=\"font-size: medium;\"><b>Nevyhnutn\u00e9 (bez s\u00fahlasu):<\/b><\/span><\/span><span style=\"font-family: Times New Roman, serif;\"><span style=\"font-size: medium;\"><br \/>Z\u00e1kladn\u00e1 funk\u010dnos\u0165 webu.<\/span><\/span><\/p><p align=\"left\"><span style=\"font-family: Times New Roman, serif;\"><span style=\"font-size: medium;\"><b>Analytick\u00e9 (vy\u017eaduj\u00fa s\u00fahlas):<\/b><\/span><\/span><span style=\"font-family: Times New Roman, serif;\"><span style=\"font-size: medium;\"><br \/>Meranie n\u00e1v\u0161tevnosti.<\/span><\/span><\/p><p align=\"left\"><span style=\"font-family: Times New Roman, serif;\"><span style=\"font-size: medium;\"><b>Marketingov\u00e9 (vy\u017eaduj\u00fa s\u00fahlas):<\/b><\/span><\/span><span style=\"font-family: Times New Roman, serif;\"><span style=\"font-size: medium;\"><br \/>Reklama a marketing.<\/span><\/span><\/p><p align=\"left\"><span style=\"font-family: Times New Roman, serif;\"><span style=\"font-size: medium;\">Pou\u017e\u00edvate\u013e m\u00f4\u017ee meni\u0165 nastavenia v cookie li\u0161te.<\/span><\/span><\/p><p align=\"left\"><span style=\"font-family: Times New Roman, serif;\"><span style=\"font-size: x-large;\"><b>9. Bezpe\u010dnostn\u00e9 opatrenia<\/b><\/span><\/span><\/p><p align=\"left\"><span style=\"font-family: Times New Roman, serif;\"><span style=\"font-size: medium;\">HTTPS, riaden\u00e9 pr\u00edstupy, aktualiz\u00e1cie.<\/span><\/span><\/p><p align=\"left\"><span style=\"font-family: Times New Roman, serif;\"><span style=\"font-size: x-large;\"><b>10. Aktualiz\u00e1cie<\/b><\/span><\/span><\/p><p align=\"left\"><span style=\"font-family: Times New Roman, serif;\"><span style=\"font-size: medium;\">Najnov\u0161ia verzia bude v\u017edy na webe.<\/span><\/span><\/p><p align=\"left\">\u00a0<\/p>\t\t\t\t\t\t\t\t<\/div>\n\t\t\t\t<\/div>\n\t\t\t\t\t<\/div>\n\t\t<\/div>\n\t\t\t\t\t<\/div>\n\t\t<\/section>\n\t\t\t\t<\/div>","protected":false},"excerpt":{"rendered":"<p>\u00da\u010dinnos\u0165 od: 01.01.2023Web: https:\/\/biopolymerstrade.comSpolo\u010dnos\u0165: Biopolymers Trade s.r.o. 1. Prev\u00e1dzkovate\u013e osobn\u00fdch \u00fadajov Biopolymers Trade s.r.o.Adresa: Pal\u00e1nok 1, 949 01 Nitra, SlovenskoE-mail: info@biopolymerstrade.comI\u010cO: 54492467I\u010c DPH: SK2121689988, 2. Ak\u00e9 osobn\u00e9 \u00fadaje sprac\u00favame 2.1 \u00dadaje poskytnut\u00e9 pou\u017e\u00edvate\u013eom Meno, obchodn\u00e9 meno E-mail, telef\u00f3n Obsah spr\u00e1vy 2.2 Automaticky zbieran\u00e9 technick\u00e9 \u00fadaje IP adresa Typ prehliada\u010da a zariadenia Bezpe\u010dnostn\u00e9 logy Nesprac\u00favame citliv\u00e9 [&hellip;]<\/p>\n","protected":false},"author":2,"featured_media":0,"parent":0,"menu_order":0,"comment_status":"closed","ping_status":"closed","template":"","meta":{"_acf_changed":false,"footnotes":""},"class_list":["post-800","page","type-page","status-publish","hentry"],"acf":[],"yoast_head":"<!-- This site is optimized with the Yoast SEO plugin v27.5 - https:\/\/yoast.com\/product\/yoast-seo-wordpress\/ -->\n<title>GDPR - Biopolymers<\/title>\n<meta name=\"robots\" content=\"index, follow, max-snippet:-1, max-image-preview:large, max-video-preview:-1\" \/>\n<link rel=\"canonical\" href=\"https:\/\/biopolymerstrade.com\/en\/gdpr\/\" \/>\n<meta property=\"og:locale\" content=\"en_US\" \/>\n<meta property=\"og:type\" content=\"article\" \/>\n<meta property=\"og:title\" content=\"GDPR - Biopolymers\" \/>\n<meta property=\"og:description\" content=\"\u00da\u010dinnos\u0165 od: 01.01.2023Web: https:\/\/biopolymerstrade.comSpolo\u010dnos\u0165: Biopolymers Trade s.r.o. 1. Prev\u00e1dzkovate\u013e osobn\u00fdch \u00fadajov Biopolymers Trade s.r.o.Adresa: Pal\u00e1nok 1, 949 01 Nitra, SlovenskoE-mail: info@biopolymerstrade.comI\u010cO: 54492467I\u010c DPH: SK2121689988, 2. Ak\u00e9 osobn\u00e9 \u00fadaje sprac\u00favame 2.1 \u00dadaje poskytnut\u00e9 pou\u017e\u00edvate\u013eom Meno, obchodn\u00e9 meno E-mail, telef\u00f3n Obsah spr\u00e1vy 2.2 Automaticky zbieran\u00e9 technick\u00e9 \u00fadaje IP adresa Typ prehliada\u010da a zariadenia Bezpe\u010dnostn\u00e9 logy Nesprac\u00favame citliv\u00e9 [&hellip;]\" \/>\n<meta property=\"og:url\" content=\"https:\/\/biopolymerstrade.com\/en\/gdpr\/\" \/>\n<meta property=\"og:site_name\" content=\"Biopolymers\" \/>\n<meta property=\"article:modified_time\" content=\"2025-11-24T19:27:20+00:00\" \/>\n<meta name=\"twitter:card\" content=\"summary_large_image\" \/>\n<meta name=\"twitter:label1\" content=\"Est. reading time\" \/>\n\t<meta name=\"twitter:data1\" content=\"2 minutes\" \/>\n<script type=\"application\/ld+json\" class=\"yoast-schema-graph\">{\"@context\":\"https:\\\/\\\/schema.org\",\"@graph\":[{\"@type\":\"WebPage\",\"@id\":\"https:\\\/\\\/biopolymerstrade.com\\\/gdpr\\\/\",\"url\":\"https:\\\/\\\/biopolymerstrade.com\\\/gdpr\\\/\",\"name\":\"GDPR - Biopolymers\",\"isPartOf\":{\"@id\":\"https:\\\/\\\/biopolymerstrade.com\\\/#website\"},\"datePublished\":\"2025-11-24T19:11:34+00:00\",\"dateModified\":\"2025-11-24T19:27:20+00:00\",\"breadcrumb\":{\"@id\":\"https:\\\/\\\/biopolymerstrade.com\\\/gdpr\\\/#breadcrumb\"},\"inLanguage\":\"en-US\",\"potentialAction\":[{\"@type\":\"ReadAction\",\"target\":[\"https:\\\/\\\/biopolymerstrade.com\\\/gdpr\\\/\"]}]},{\"@type\":\"BreadcrumbList\",\"@id\":\"https:\\\/\\\/biopolymerstrade.com\\\/gdpr\\\/#breadcrumb\",\"itemListElement\":[{\"@type\":\"ListItem\",\"position\":1,\"name\":\"Domovsk\u00e1 str\u00e1nka\",\"item\":\"https:\\\/\\\/biopolymerstrade.com\\\/\"},{\"@type\":\"ListItem\",\"position\":2,\"name\":\"GDPR\"}]},{\"@type\":\"WebSite\",\"@id\":\"https:\\\/\\\/biopolymerstrade.com\\\/#website\",\"url\":\"https:\\\/\\\/biopolymerstrade.com\\\/\",\"name\":\"Biopolymers\",\"description\":\"Bioplast bud\u00facnosti\",\"publisher\":{\"@id\":\"https:\\\/\\\/biopolymerstrade.com\\\/#organization\"},\"potentialAction\":[{\"@type\":\"SearchAction\",\"target\":{\"@type\":\"EntryPoint\",\"urlTemplate\":\"https:\\\/\\\/biopolymerstrade.com\\\/?s={search_term_string}\"},\"query-input\":{\"@type\":\"PropertyValueSpecification\",\"valueRequired\":true,\"valueName\":\"search_term_string\"}}],\"inLanguage\":\"en-US\"},{\"@type\":\"Organization\",\"@id\":\"https:\\\/\\\/biopolymerstrade.com\\\/#organization\",\"name\":\"Biopolymers Trade\",\"url\":\"https:\\\/\\\/biopolymerstrade.com\\\/\",\"logo\":{\"@type\":\"ImageObject\",\"inLanguage\":\"en-US\",\"@id\":\"https:\\\/\\\/biopolymerstrade.com\\\/#\\\/schema\\\/logo\\\/image\\\/\",\"url\":\"https:\\\/\\\/biopolymerstrade.com\\\/wp-content\\\/uploads\\\/2022\\\/04\\\/logo_bp_3.svg\",\"contentUrl\":\"https:\\\/\\\/biopolymerstrade.com\\\/wp-content\\\/uploads\\\/2022\\\/04\\\/logo_bp_3.svg\",\"width\":1243,\"height\":269,\"caption\":\"Biopolymers Trade\"},\"image\":{\"@id\":\"https:\\\/\\\/biopolymerstrade.com\\\/#\\\/schema\\\/logo\\\/image\\\/\"}}]}<\/script>\n<!-- \/ Yoast SEO plugin. -->","yoast_head_json":{"title":"GDPR - Biopolymers","robots":{"index":"index","follow":"follow","max-snippet":"max-snippet:-1","max-image-preview":"max-image-preview:large","max-video-preview":"max-video-preview:-1"},"canonical":"https:\/\/biopolymerstrade.com\/en\/gdpr\/","og_locale":"en_US","og_type":"article","og_title":"GDPR - Biopolymers","og_description":"\u00da\u010dinnos\u0165 od: 01.01.2023Web: https:\/\/biopolymerstrade.comSpolo\u010dnos\u0165: Biopolymers Trade s.r.o. 1. Prev\u00e1dzkovate\u013e osobn\u00fdch \u00fadajov Biopolymers Trade s.r.o.Adresa: Pal\u00e1nok 1, 949 01 Nitra, SlovenskoE-mail: info@biopolymerstrade.comI\u010cO: 54492467I\u010c DPH: SK2121689988, 2. Ak\u00e9 osobn\u00e9 \u00fadaje sprac\u00favame 2.1 \u00dadaje poskytnut\u00e9 pou\u017e\u00edvate\u013eom Meno, obchodn\u00e9 meno E-mail, telef\u00f3n Obsah spr\u00e1vy 2.2 Automaticky zbieran\u00e9 technick\u00e9 \u00fadaje IP adresa Typ prehliada\u010da a zariadenia Bezpe\u010dnostn\u00e9 logy Nesprac\u00favame citliv\u00e9 [&hellip;]","og_url":"https:\/\/biopolymerstrade.com\/en\/gdpr\/","og_site_name":"Biopolymers","article_modified_time":"2025-11-24T19:27:20+00:00","twitter_card":"summary_large_image","twitter_misc":{"Est. reading time":"2 minutes"},"schema":{"@context":"https:\/\/schema.org","@graph":[{"@type":"WebPage","@id":"https:\/\/biopolymerstrade.com\/gdpr\/","url":"https:\/\/biopolymerstrade.com\/gdpr\/","name":"GDPR - Biopolymers","isPartOf":{"@id":"https:\/\/biopolymerstrade.com\/#website"},"datePublished":"2025-11-24T19:11:34+00:00","dateModified":"2025-11-24T19:27:20+00:00","breadcrumb":{"@id":"https:\/\/biopolymerstrade.com\/gdpr\/#breadcrumb"},"inLanguage":"en-US","potentialAction":[{"@type":"ReadAction","target":["https:\/\/biopolymerstrade.com\/gdpr\/"]}]},{"@type":"BreadcrumbList","@id":"https:\/\/biopolymerstrade.com\/gdpr\/#breadcrumb","itemListElement":[{"@type":"ListItem","position":1,"name":"Domovsk\u00e1 str\u00e1nka","item":"https:\/\/biopolymerstrade.com\/"},{"@type":"ListItem","position":2,"name":"GDPR"}]},{"@type":"WebSite","@id":"https:\/\/biopolymerstrade.com\/#website","url":"https:\/\/biopolymerstrade.com\/","name":"Biopolymers","description":"Bioplast bud\u00facnosti","publisher":{"@id":"https:\/\/biopolymerstrade.com\/#organization"},"potentialAction":[{"@type":"SearchAction","target":{"@type":"EntryPoint","urlTemplate":"https:\/\/biopolymerstrade.com\/?s={search_term_string}"},"query-input":{"@type":"PropertyValueSpecification","valueRequired":true,"valueName":"search_term_string"}}],"inLanguage":"en-US"},{"@type":"Organization","@id":"https:\/\/biopolymerstrade.com\/#organization","name":"Biopolymers Trade","url":"https:\/\/biopolymerstrade.com\/","logo":{"@type":"ImageObject","inLanguage":"en-US","@id":"https:\/\/biopolymerstrade.com\/#\/schema\/logo\/image\/","url":"https:\/\/biopolymerstrade.com\/wp-content\/uploads\/2022\/04\/logo_bp_3.svg","contentUrl":"https:\/\/biopolymerstrade.com\/wp-content\/uploads\/2022\/04\/logo_bp_3.svg","width":1243,"height":269,"caption":"Biopolymers Trade"},"image":{"@id":"https:\/\/biopolymerstrade.com\/#\/schema\/logo\/image\/"}}]}},"_links":{"self":[{"href":"https:\/\/biopolymerstrade.com\/en\/wp-json\/wp\/v2\/pages\/800","targetHints":{"allow":["GET"]}}],"collection":[{"href":"https:\/\/biopolymerstrade.com\/en\/wp-json\/wp\/v2\/pages"}],"about":[{"href":"https:\/\/biopolymerstrade.com\/en\/wp-json\/wp\/v2\/types\/page"}],"author":[{"embeddable":true,"href":"https:\/\/biopolymerstrade.com\/en\/wp-json\/wp\/v2\/users\/2"}],"replies":[{"embeddable":true,"href":"https:\/\/biopolymerstrade.com\/en\/wp-json\/wp\/v2\/comments?post=800"}],"version-history":[{"count":13,"href":"https:\/\/biopolymerstrade.com\/en\/wp-json\/wp\/v2\/pages\/800\/revisions"}],"predecessor-version":[{"id":813,"href":"https:\/\/biopolymerstrade.com\/en\/wp-json\/wp\/v2\/pages\/800\/revisions\/813"}],"wp:attachment":[{"href":"https:\/\/biopolymerstrade.com\/en\/wp-json\/wp\/v2\/media?parent=800"}],"curies":[{"name":"wp","href":"https:\/\/api.w.org\/{rel}","templated":true}]}}