{"id":1522,"date":"2026-04-23T11:27:45","date_gmt":"2026-04-23T09:27:45","guid":{"rendered":"https:\/\/biopolymerstrade.com\/?page_id=1522"},"modified":"2026-05-15T20:37:37","modified_gmt":"2026-05-15T18:37:37","slug":"pcr","status":"publish","type":"page","link":"https:\/\/biopolymerstrade.com\/en\/pcr\/","title":{"rendered":"03_PCR"},"content":{"rendered":"<div data-elementor-type=\"wp-page\" data-elementor-id=\"1522\" class=\"elementor elementor-1522\" data-elementor-post-type=\"page\">\n\t\t\t\t\t\t<section class=\"elementor-section elementor-top-section elementor-element elementor-element-8d16aef elementor-section-full_width elementor-section-height-default elementor-section-height-default\" data-id=\"8d16aef\" data-element_type=\"section\" data-e-type=\"section\">\n\t\t\t\t\t\t<div class=\"elementor-container elementor-column-gap-default\">\n\t\t\t\t\t<div class=\"elementor-column elementor-col-100 elementor-top-column elementor-element elementor-element-084c55c\" data-id=\"084c55c\" data-element_type=\"column\" data-e-type=\"column\">\n\t\t\t<div class=\"elementor-widget-wrap elementor-element-populated\">\n\t\t\t\t\t\t<div class=\"elementor-element elementor-element-9c69d1e elementor-widget elementor-widget-template\" data-id=\"9c69d1e\" data-element_type=\"widget\" data-e-type=\"widget\" data-widget_type=\"template.default\">\n\t\t\t\t<div class=\"elementor-widget-container\">\n\t\t\t\t\t\t\t<div class=\"elementor-template\">\n\t\t\t\t\t<div data-elementor-type=\"section\" data-elementor-id=\"1288\" class=\"elementor elementor-1288\" data-elementor-post-type=\"elementor_library\">\n\t\t\t\t\t<section class=\"elementor-section elementor-top-section elementor-element elementor-element-b9418e9 elementor-section-boxed elementor-section-height-default elementor-section-height-default\" data-id=\"b9418e9\" data-element_type=\"section\" data-e-type=\"section\" data-settings=\"{&quot;background_background&quot;:&quot;classic&quot;}\">\n\t\t\t\t\t\t<div class=\"elementor-container elementor-column-gap-default\">\n\t\t\t\t\t<div class=\"elementor-column elementor-col-100 elementor-top-column elementor-element elementor-element-073759d\" data-id=\"073759d\" data-element_type=\"column\" data-e-type=\"column\">\n\t\t\t<div class=\"elementor-widget-wrap elementor-element-populated\">\n\t\t\t\t\t\t<div class=\"elementor-element elementor-element-f853c53 elementor-widget elementor-widget-menu-anchor\" data-id=\"f853c53\" data-element_type=\"widget\" data-e-type=\"widget\" data-widget_type=\"menu-anchor.default\">\n\t\t\t\t<div class=\"elementor-widget-container\">\n\t\t\t\t\t\t\t<div class=\"elementor-menu-anchor\" id=\"pcr-materials\"><\/div>\n\t\t\t\t\t\t<\/div>\n\t\t\t\t<\/div>\n\t\t\t\t<div class=\"elementor-element elementor-element-e08c88c elementor-widget elementor-widget-heading\" data-id=\"e08c88c\" data-element_type=\"widget\" data-e-type=\"widget\" data-widget_type=\"heading.default\">\n\t\t\t\t<div class=\"elementor-widget-container\">\n\t\t\t\t\t<h2 class=\"elementor-heading-title elementor-size-default\">A DIFFERENT CATEGORY OF MATERIALS<\/h2>\t\t\t\t<\/div>\n\t\t\t\t<\/div>\n\t\t\t\t<div class=\"elementor-element elementor-element-8c1c3b0 elementor-widget elementor-widget-heading\" data-id=\"8c1c3b0\" data-element_type=\"widget\" data-e-type=\"widget\" data-widget_type=\"heading.default\">\n\t\t\t\t<div class=\"elementor-widget-container\">\n\t\t\t\t\t<h2 class=\"elementor-heading-title elementor-size-default\">PREMIUM PCR MATERIALS<\/h2>\t\t\t\t<\/div>\n\t\t\t\t<\/div>\n\t\t\t\t<div class=\"elementor-element elementor-element-6f6f2b7 elementor-widget elementor-widget-text-editor\" data-id=\"6f6f2b7\" data-element_type=\"widget\" data-e-type=\"widget\" data-widget_type=\"text-editor.default\">\n\t\t\t\t<div class=\"elementor-widget-container\">\n\t\t\t\t\t\t\t\t\t<p>For manufacturers dealing with recycled content, material circularity and auditable material origin, we supply high-quality PCR granulates (Post-Consumer Recycled). They are suitable for films, materials for packaging production and industrial technical parts according to the requirements of the specific application.<\/p>\t\t\t\t\t\t\t\t<\/div>\n\t\t\t\t<\/div>\n\t\t\t\t<section class=\"elementor-section elementor-inner-section elementor-element elementor-element-8032ee5 elementor-section-full_width elementor-section-height-default elementor-section-height-default\" data-id=\"8032ee5\" data-element_type=\"section\" data-e-type=\"section\">\n\t\t\t\t\t\t<div class=\"elementor-container elementor-column-gap-default\">\n\t\t\t\t\t<div class=\"elementor-column elementor-col-33 elementor-inner-column elementor-element elementor-element-9abb673 animated-fast elementor-invisible\" data-id=\"9abb673\" data-element_type=\"column\" data-e-type=\"column\" data-settings=\"{&quot;animation&quot;:&quot;fadeInUp&quot;}\">\n\t\t\t<div class=\"elementor-widget-wrap elementor-element-populated\">\n\t\t\t\t\t\t<div class=\"elementor-element elementor-element-4b82196 elementor-view-default elementor-position-block-start elementor-mobile-position-block-start elementor-widget elementor-widget-icon-box\" data-id=\"4b82196\" data-element_type=\"widget\" data-e-type=\"widget\" data-widget_type=\"icon-box.default\">\n\t\t\t\t<div class=\"elementor-widget-container\">\n\t\t\t\t\t\t\t<div class=\"elementor-icon-box-wrapper\">\n\n\t\t\t\t\t\t<div class=\"elementor-icon-box-icon\">\n\t\t\t\t<span  class=\"elementor-icon\">\n\t\t\t\t<svg xmlns=\"http:\/\/www.w3.org\/2000\/svg\" width=\"72\" height=\"72\" viewbox=\"0 0 72 72\" fill=\"none\"><path d=\"M24 33L12 39V54L24 60L36 54M24 33L36 39M24 33V18L36 12L48 18V33M36 39V54M36 39L48 33M36 54L48 60L60 54V39L48 33\" stroke=\"#5CDB95\" stroke-width=\"5\" stroke-linecap=\"round\" stroke-linejoin=\"round\"><\/path><\/svg>\t\t\t\t<\/span>\n\t\t\t<\/div>\n\t\t\t\n\t\t\t\t\t\t<div class=\"elementor-icon-box-content\">\n\n\t\t\t\t\t\t\t\t\t<h3 class=\"elementor-icon-box-title\">\n\t\t\t\t\t\t<span  >\n\t\t\t\t\t\t\tKey polymers for your production\t\t\t\t\t\t<\/span>\n\t\t\t\t\t<\/h3>\n\t\t\t\t\n\t\t\t\t\t\t\t\t\t<p class=\"elementor-icon-box-description\">\n\t\t\t\t\t\tThe portfolio includes rPE (HDPE, LDPE, LLDPE), rPP, rPET and rPA6. We focus on supply stability, homogeneity and practical use of recycled plastic granulates in existing production processes.\t\t\t\t\t<\/p>\n\t\t\t\t\n\t\t\t<\/div>\n\t\t\t\n\t\t<\/div>\n\t\t\t\t\t\t<\/div>\n\t\t\t\t<\/div>\n\t\t\t\t\t<\/div>\n\t\t<\/div>\n\t\t\t\t<div class=\"elementor-column elementor-col-33 elementor-inner-column elementor-element elementor-element-447477e animated-fast elementor-invisible\" data-id=\"447477e\" data-element_type=\"column\" data-e-type=\"column\" data-settings=\"{&quot;animation&quot;:&quot;fadeInUp&quot;}\">\n\t\t\t<div class=\"elementor-widget-wrap elementor-element-populated\">\n\t\t\t\t\t\t<div class=\"elementor-element elementor-element-b37916a elementor-view-default elementor-position-block-start elementor-mobile-position-block-start elementor-widget elementor-widget-icon-box\" data-id=\"b37916a\" data-element_type=\"widget\" data-e-type=\"widget\" data-widget_type=\"icon-box.default\">\n\t\t\t\t<div class=\"elementor-widget-container\">\n\t\t\t\t\t\t\t<div class=\"elementor-icon-box-wrapper\">\n\n\t\t\t\t\t\t<div class=\"elementor-icon-box-icon\">\n\t\t\t\t<span  class=\"elementor-icon\">\n\t\t\t\t<svg xmlns=\"http:\/\/www.w3.org\/2000\/svg\" width=\"72\" height=\"72\" viewbox=\"0 0 72 72\" fill=\"none\"><path d=\"M9 21C18 15 27 15 36 21C45 27 54 27 63 21M9 51C18 45 27 45 36 51C45 57 54 57 63 51M9 36C18 30 27 30 36 36C45 42 54 42 63 36\" stroke=\"#5CDB95\" stroke-width=\"5\" stroke-linecap=\"round\" stroke-linejoin=\"round\"><\/path><\/svg>\t\t\t\t<\/span>\n\t\t\t<\/div>\n\t\t\t\n\t\t\t\t\t\t<div class=\"elementor-icon-box-content\">\n\n\t\t\t\t\t\t\t\t\t<h3 class=\"elementor-icon-box-title\">\n\t\t\t\t\t\t<span  >\n\t\t\t\t\t\t\tPremium Ocean-Bound plastics\t\t\t\t\t\t<\/span>\n\t\t\t\t\t<\/h3>\n\t\t\t\t\n\t\t\t\t\t\t\t\t\t<p class=\"elementor-icon-box-description\">\n\t\t\t\t\t\tMaterials sourced from areas at risk of plastic leakage into the sea for projects that want to combine recycled content with a clearly communicable environmental story.\t\t\t\t\t<\/p>\n\t\t\t\t\n\t\t\t<\/div>\n\t\t\t\n\t\t<\/div>\n\t\t\t\t\t\t<\/div>\n\t\t\t\t<\/div>\n\t\t\t\t\t<\/div>\n\t\t<\/div>\n\t\t\t\t<div class=\"elementor-column elementor-col-33 elementor-inner-column elementor-element elementor-element-8e4b6e4 animated-fast elementor-invisible\" data-id=\"8e4b6e4\" data-element_type=\"column\" data-e-type=\"column\" data-settings=\"{&quot;animation&quot;:&quot;fadeInUp&quot;}\">\n\t\t\t<div class=\"elementor-widget-wrap elementor-element-populated\">\n\t\t\t\t\t\t<div class=\"elementor-element elementor-element-4c19f27 elementor-view-default elementor-position-block-start elementor-mobile-position-block-start elementor-widget elementor-widget-icon-box\" data-id=\"4c19f27\" data-element_type=\"widget\" data-e-type=\"widget\" data-widget_type=\"icon-box.default\">\n\t\t\t\t<div class=\"elementor-widget-container\">\n\t\t\t\t\t\t\t<div class=\"elementor-icon-box-wrapper\">\n\n\t\t\t\t\t\t<div class=\"elementor-icon-box-icon\">\n\t\t\t\t<span  class=\"elementor-icon\">\n\t\t\t\t<svg xmlns=\"http:\/\/www.w3.org\/2000\/svg\" width=\"72\" height=\"72\" viewbox=\"0 0 72 72\" fill=\"none\"><path d=\"M36 55.5L27 51M27 51L9 60V21L27 12M27 51V12M27 12L45 21M45 21L63 12V34.5M45 21V37.5M57 54V54.03M63.363 60.3635C64.622 59.1049 65.4794 57.5012 65.8269 55.7553C66.1744 54.0094 65.9963 52.1997 65.3152 50.555C64.6341 48.9103 63.4805 47.5046 62.0004 46.5155C60.5203 45.5264 58.7801 44.9985 57 44.9985C55.2199 44.9985 53.4797 45.5264 51.9996 46.5155C50.5195 47.5046 49.3659 48.9103 48.6848 50.555C48.0037 52.1997 47.8256 54.0094 48.1731 55.7553C48.5206 57.5012 49.3781 59.1049 50.637 60.3635C51.891 61.6205 54.012 63.4985 57 66.0005C60.153 63.3305 62.277 61.4525 63.363 60.3635Z\" stroke=\"#5CDB95\" stroke-width=\"5\" stroke-linecap=\"round\" stroke-linejoin=\"round\"><\/path><\/svg>\t\t\t\t<\/span>\n\t\t\t<\/div>\n\t\t\t\n\t\t\t\t\t\t<div class=\"elementor-icon-box-content\">\n\n\t\t\t\t\t\t\t\t\t<h3 class=\"elementor-icon-box-title\">\n\t\t\t\t\t\t<span  >\n\t\t\t\t\t\t\tTrack &amp; Trace \u2013 full traceability\t\t\t\t\t\t<\/span>\n\t\t\t\t\t<\/h3>\n\t\t\t\t\n\t\t\t\t\t\t\t\t\t<p class=\"elementor-icon-box-description\">\n\t\t\t\t\t\tFor selected solutions, origin traceability and certification documentation are available to support ESG reporting, internal audits and communication of recycled content.\t\t\t\t\t<\/p>\n\t\t\t\t\n\t\t\t<\/div>\n\t\t\t\n\t\t<\/div>\n\t\t\t\t\t\t<\/div>\n\t\t\t\t<\/div>\n\t\t\t\t\t<\/div>\n\t\t<\/div>\n\t\t\t\t\t<\/div>\n\t\t<\/section>\n\t\t\t\t<section class=\"elementor-section elementor-inner-section elementor-element elementor-element-58c9634 elementor-section-boxed elementor-section-height-default elementor-section-height-default\" data-id=\"58c9634\" data-element_type=\"section\" data-e-type=\"section\">\n\t\t\t\t\t\t<div class=\"elementor-container elementor-column-gap-default\">\n\t\t\t\t\t<div class=\"elementor-column elementor-col-100 elementor-inner-column elementor-element elementor-element-b257d70\" data-id=\"b257d70\" data-element_type=\"column\" data-e-type=\"column\">\n\t\t\t<div class=\"elementor-widget-wrap elementor-element-populated\">\n\t\t\t\t\t\t<div class=\"elementor-element elementor-element-b55b274 elementor-tablet-align-center e-transform elementor-align-justify elementor-widget elementor-widget-button\" data-id=\"b55b274\" data-element_type=\"widget\" data-e-type=\"widget\" data-settings=\"{&quot;_animation&quot;:&quot;none&quot;,&quot;_transform_scale_effect_hover&quot;:{&quot;unit&quot;:&quot;px&quot;,&quot;size&quot;:&quot;&quot;,&quot;sizes&quot;:[]},&quot;_transform_scale_effect_hover_widescreen&quot;:{&quot;unit&quot;:&quot;px&quot;,&quot;size&quot;:&quot;&quot;,&quot;sizes&quot;:[]},&quot;_transform_scale_effect_hover_tablet&quot;:{&quot;unit&quot;:&quot;px&quot;,&quot;size&quot;:&quot;&quot;,&quot;sizes&quot;:[]},&quot;_transform_scale_effect_hover_mobile&quot;:{&quot;unit&quot;:&quot;px&quot;,&quot;size&quot;:&quot;&quot;,&quot;sizes&quot;:[]}}\" data-widget_type=\"button.default\">\n\t\t\t\t<div class=\"elementor-widget-container\">\n\t\t\t\t\t\t\t\t\t<div class=\"elementor-button-wrapper\">\n\t\t\t\t\t<a class=\"elementor-button elementor-button-link elementor-size-lg elementor-animation-shrink\" href=\"\/en\/?product=PCR Materi\u00e1ly#dopyt\">\n\t\t\t\t\t\t<span class=\"elementor-button-content-wrapper\">\n\t\t\t\t\t\t<span class=\"elementor-button-icon\">\n\t\t\t\t<i aria-hidden=\"true\" class=\"fas fa-chevron-right\"><\/i>\t\t\t<\/span>\n\t\t\t\t\t\t\t\t\t<span class=\"elementor-button-text\"> Consult a PCR solution<\/span>\n\t\t\t\t\t<\/span>\n\t\t\t\t\t<\/a>\n\t\t\t\t<\/div>\n\t\t\t\t\t\t\t\t<\/div>\n\t\t\t\t<\/div>\n\t\t\t\t\t<\/div>\n\t\t<\/div>\n\t\t\t\t\t<\/div>\n\t\t<\/section>\n\t\t\t\t\t<\/div>\n\t\t<\/div>\n\t\t\t\t\t<\/div>\n\t\t<\/section>\n\t\t\t\t<\/div>\n\t\t\t\t<\/div>\n\t\t\t\t\t\t<\/div>\n\t\t\t\t<\/div>\n\t\t\t\t\t<\/div>\n\t\t<\/div>\n\t\t\t\t\t<\/div>\n\t\t<\/section>\n\t\t\t\t<\/div>","protected":false},"excerpt":{"rendered":"<p>100 % PCR granulates and regranulates rPE, rPP, rPET for automotive | Biopolymers Trade<\/p>","protected":false},"author":2,"featured_media":1277,"parent":0,"menu_order":0,"comment_status":"closed","ping_status":"closed","template":"","meta":{"_acf_changed":false,"footnotes":""},"class_list":["post-1522","page","type-page","status-publish","has-post-thumbnail","hentry"],"acf":[],"yoast_head":"<!-- This site is optimized with the Yoast SEO plugin v27.6 - https:\/\/yoast.com\/product\/yoast-seo-wordpress\/ -->\n<title>100 % PCR granul\u00e1ty rPE, rPP, rPET pre automotive<\/title>\n<meta name=\"description\" content=\"100 % PCR granul\u00e1ty a regranul\u00e1ty rPE, rPP, rPET, rPA6 s Track &amp; Trace pre obaly, f\u00f3lie, technick\u00e9 diely a automotive.\" \/>\n<meta name=\"robots\" content=\"index, follow, max-snippet:-1, max-image-preview:large, max-video-preview:-1\" \/>\n<link rel=\"canonical\" href=\"https:\/\/biopolymerstrade.com\/en\/pcr\/\" \/>\n<meta property=\"og:locale\" content=\"en_US\" \/>\n<meta property=\"og:type\" content=\"article\" \/>\n<meta property=\"og:title\" content=\"100 % PCR granul\u00e1ty rPE, rPP, rPET pre automotive\" \/>\n<meta property=\"og:description\" content=\"100 % PCR granul\u00e1ty a regranul\u00e1ty rPE, rPP, rPET, rPA6 s Track &amp; Trace pre obaly, f\u00f3lie, technick\u00e9 diely a automotive.\" \/>\n<meta property=\"og:url\" content=\"https:\/\/biopolymerstrade.com\/en\/pcr\/\" \/>\n<meta property=\"og:site_name\" content=\"Biopolymers\" \/>\n<meta property=\"article:modified_time\" content=\"2026-05-15T18:37:37+00:00\" \/>\n<meta property=\"og:image\" content=\"https:\/\/biopolymerstrade.com\/wp-content\/uploads\/2026\/04\/Screenshot-2026-04-16-215831.png\" \/>\n\t<meta property=\"og:image:width\" content=\"1210\" \/>\n\t<meta property=\"og:image:height\" content=\"398\" \/>\n\t<meta property=\"og:image:type\" content=\"image\/png\" \/>\n<meta name=\"twitter:card\" content=\"summary_large_image\" \/>\n<meta name=\"twitter:label1\" content=\"Est. reading time\" \/>\n\t<meta name=\"twitter:data1\" content=\"1 minute\" \/>\n<script type=\"application\/ld+json\" class=\"yoast-schema-graph\">{\"@context\":\"https:\\\/\\\/schema.org\",\"@graph\":[{\"@type\":\"WebPage\",\"@id\":\"https:\\\/\\\/biopolymerstrade.com\\\/pcr\\\/\",\"url\":\"https:\\\/\\\/biopolymerstrade.com\\\/pcr\\\/\",\"name\":\"100 % PCR granul\u00e1ty rPE, rPP, rPET pre automotive\",\"isPartOf\":{\"@id\":\"https:\\\/\\\/biopolymerstrade.com\\\/#website\"},\"primaryImageOfPage\":{\"@id\":\"https:\\\/\\\/biopolymerstrade.com\\\/pcr\\\/#primaryimage\"},\"image\":{\"@id\":\"https:\\\/\\\/biopolymerstrade.com\\\/pcr\\\/#primaryimage\"},\"thumbnailUrl\":\"https:\\\/\\\/biopolymerstrade.com\\\/wp-content\\\/uploads\\\/2026\\\/04\\\/Screenshot-2026-04-16-215831.png\",\"datePublished\":\"2026-04-23T09:27:45+00:00\",\"dateModified\":\"2026-05-15T18:37:37+00:00\",\"description\":\"100 % PCR granul\u00e1ty a regranul\u00e1ty rPE, rPP, rPET, rPA6 s Track & Trace pre obaly, f\u00f3lie, technick\u00e9 diely a automotive.\",\"breadcrumb\":{\"@id\":\"https:\\\/\\\/biopolymerstrade.com\\\/pcr\\\/#breadcrumb\"},\"inLanguage\":\"en-US\",\"potentialAction\":[{\"@type\":\"ReadAction\",\"target\":[\"https:\\\/\\\/biopolymerstrade.com\\\/pcr\\\/\"]}]},{\"@type\":\"ImageObject\",\"inLanguage\":\"en-US\",\"@id\":\"https:\\\/\\\/biopolymerstrade.com\\\/pcr\\\/#primaryimage\",\"url\":\"https:\\\/\\\/biopolymerstrade.com\\\/wp-content\\\/uploads\\\/2026\\\/04\\\/Screenshot-2026-04-16-215831.png\",\"contentUrl\":\"https:\\\/\\\/biopolymerstrade.com\\\/wp-content\\\/uploads\\\/2026\\\/04\\\/Screenshot-2026-04-16-215831.png\",\"width\":1210,\"height\":398,\"caption\":\"Granul\u00e1ty z biopolym\u00e9ru z obnovite\u013en\u00fdch zdrojov pre vstrekovanie, extr\u00faziu a thermoforming\"},{\"@type\":\"BreadcrumbList\",\"@id\":\"https:\\\/\\\/biopolymerstrade.com\\\/pcr\\\/#breadcrumb\",\"itemListElement\":[{\"@type\":\"ListItem\",\"position\":1,\"name\":\"Domovsk\u00e1 str\u00e1nka\",\"item\":\"https:\\\/\\\/biopolymerstrade.com\\\/\"},{\"@type\":\"ListItem\",\"position\":2,\"name\":\"03_PCR\"}]},{\"@type\":\"WebSite\",\"@id\":\"https:\\\/\\\/biopolymerstrade.com\\\/#website\",\"url\":\"https:\\\/\\\/biopolymerstrade.com\\\/\",\"name\":\"Biopolymers\",\"description\":\"Bioplast bud\u00facnosti\",\"publisher\":{\"@id\":\"https:\\\/\\\/biopolymerstrade.com\\\/#organization\"},\"potentialAction\":[{\"@type\":\"SearchAction\",\"target\":{\"@type\":\"EntryPoint\",\"urlTemplate\":\"https:\\\/\\\/biopolymerstrade.com\\\/?s={search_term_string}\"},\"query-input\":{\"@type\":\"PropertyValueSpecification\",\"valueRequired\":true,\"valueName\":\"search_term_string\"}}],\"inLanguage\":\"en-US\"},{\"@type\":\"Organization\",\"@id\":\"https:\\\/\\\/biopolymerstrade.com\\\/#organization\",\"name\":\"Biopolymers Trade\",\"url\":\"https:\\\/\\\/biopolymerstrade.com\\\/\",\"logo\":{\"@type\":\"ImageObject\",\"inLanguage\":\"en-US\",\"@id\":\"https:\\\/\\\/biopolymerstrade.com\\\/#\\\/schema\\\/logo\\\/image\\\/\",\"url\":\"https:\\\/\\\/biopolymerstrade.com\\\/wp-content\\\/uploads\\\/2022\\\/04\\\/logo_bp_3.svg\",\"contentUrl\":\"https:\\\/\\\/biopolymerstrade.com\\\/wp-content\\\/uploads\\\/2022\\\/04\\\/logo_bp_3.svg\",\"width\":1243,\"height\":269,\"caption\":\"Biopolymers Trade\"},\"image\":{\"@id\":\"https:\\\/\\\/biopolymerstrade.com\\\/#\\\/schema\\\/logo\\\/image\\\/\"}}]}<\/script>\n<!-- \/ Yoast SEO plugin. -->","yoast_head_json":{"title":"100 % PCR granulates rPE, rPP, rPET for automotive","description":"100 % PCR granulates and regranulates rPE, rPP, rPET, rPA6 with Track &amp; Trace for packaging, films, technical parts and automotive.","robots":{"index":"index","follow":"follow","max-snippet":"max-snippet:-1","max-image-preview":"max-image-preview:large","max-video-preview":"max-video-preview:-1"},"canonical":"https:\/\/biopolymerstrade.com\/en\/pcr\/","og_locale":"en_US","og_type":"article","og_title":"100 % PCR granul\u00e1ty rPE, rPP, rPET pre automotive","og_description":"100 % PCR granul\u00e1ty a regranul\u00e1ty rPE, rPP, rPET, rPA6 s Track & Trace pre obaly, f\u00f3lie, technick\u00e9 diely a automotive.","og_url":"https:\/\/biopolymerstrade.com\/en\/pcr\/","og_site_name":"Biopolymers","article_modified_time":"2026-05-15T18:37:37+00:00","og_image":[{"width":1210,"height":398,"url":"https:\/\/biopolymerstrade.com\/wp-content\/uploads\/2026\/04\/Screenshot-2026-04-16-215831.png","type":"image\/png"}],"twitter_card":"summary_large_image","twitter_misc":{"Est. reading time":"1 minute"},"schema":{"@context":"https:\/\/schema.org","@graph":[{"@type":"WebPage","@id":"https:\/\/biopolymerstrade.com\/pcr\/","url":"https:\/\/biopolymerstrade.com\/pcr\/","name":"100 % PCR granulates rPE, rPP, rPET for automotive","isPartOf":{"@id":"https:\/\/biopolymerstrade.com\/#website"},"primaryImageOfPage":{"@id":"https:\/\/biopolymerstrade.com\/pcr\/#primaryimage"},"image":{"@id":"https:\/\/biopolymerstrade.com\/pcr\/#primaryimage"},"thumbnailUrl":"https:\/\/biopolymerstrade.com\/wp-content\/uploads\/2026\/04\/Screenshot-2026-04-16-215831.png","datePublished":"2026-04-23T09:27:45+00:00","dateModified":"2026-05-15T18:37:37+00:00","description":"100 % PCR granulates and regranulates rPE, rPP, rPET, rPA6 with Track &amp; Trace for packaging, films, technical parts and automotive.","breadcrumb":{"@id":"https:\/\/biopolymerstrade.com\/pcr\/#breadcrumb"},"inLanguage":"en-US","potentialAction":[{"@type":"ReadAction","target":["https:\/\/biopolymerstrade.com\/pcr\/"]}]},{"@type":"ImageObject","inLanguage":"en-US","@id":"https:\/\/biopolymerstrade.com\/pcr\/#primaryimage","url":"https:\/\/biopolymerstrade.com\/wp-content\/uploads\/2026\/04\/Screenshot-2026-04-16-215831.png","contentUrl":"https:\/\/biopolymerstrade.com\/wp-content\/uploads\/2026\/04\/Screenshot-2026-04-16-215831.png","width":1210,"height":398,"caption":"Granul\u00e1ty z biopolym\u00e9ru z obnovite\u013en\u00fdch zdrojov pre vstrekovanie, extr\u00faziu a thermoforming"},{"@type":"BreadcrumbList","@id":"https:\/\/biopolymerstrade.com\/pcr\/#breadcrumb","itemListElement":[{"@type":"ListItem","position":1,"name":"Domovsk\u00e1 str\u00e1nka","item":"https:\/\/biopolymerstrade.com\/"},{"@type":"ListItem","position":2,"name":"03_PCR"}]},{"@type":"WebSite","@id":"https:\/\/biopolymerstrade.com\/#website","url":"https:\/\/biopolymerstrade.com\/","name":"Biopolymers","description":"The bioplastic of the future","publisher":{"@id":"https:\/\/biopolymerstrade.com\/#organization"},"potentialAction":[{"@type":"SearchAction","target":{"@type":"EntryPoint","urlTemplate":"https:\/\/biopolymerstrade.com\/?s={search_term_string}"},"query-input":{"@type":"PropertyValueSpecification","valueRequired":true,"valueName":"search_term_string"}}],"inLanguage":"en-US"},{"@type":"Organization","@id":"https:\/\/biopolymerstrade.com\/#organization","name":"Biopolymers Trade","url":"https:\/\/biopolymerstrade.com\/","logo":{"@type":"ImageObject","inLanguage":"en-US","@id":"https:\/\/biopolymerstrade.com\/#\/schema\/logo\/image\/","url":"https:\/\/biopolymerstrade.com\/wp-content\/uploads\/2022\/04\/logo_bp_3.svg","contentUrl":"https:\/\/biopolymerstrade.com\/wp-content\/uploads\/2022\/04\/logo_bp_3.svg","width":1243,"height":269,"caption":"Biopolymers Trade"},"image":{"@id":"https:\/\/biopolymerstrade.com\/#\/schema\/logo\/image\/"}}]}},"_links":{"self":[{"href":"https:\/\/biopolymerstrade.com\/en\/wp-json\/wp\/v2\/pages\/1522","targetHints":{"allow":["GET"]}}],"collection":[{"href":"https:\/\/biopolymerstrade.com\/en\/wp-json\/wp\/v2\/pages"}],"about":[{"href":"https:\/\/biopolymerstrade.com\/en\/wp-json\/wp\/v2\/types\/page"}],"author":[{"embeddable":true,"href":"https:\/\/biopolymerstrade.com\/en\/wp-json\/wp\/v2\/users\/2"}],"replies":[{"embeddable":true,"href":"https:\/\/biopolymerstrade.com\/en\/wp-json\/wp\/v2\/comments?post=1522"}],"version-history":[{"count":12,"href":"https:\/\/biopolymerstrade.com\/en\/wp-json\/wp\/v2\/pages\/1522\/revisions"}],"predecessor-version":[{"id":1622,"href":"https:\/\/biopolymerstrade.com\/en\/wp-json\/wp\/v2\/pages\/1522\/revisions\/1622"}],"wp:featuredmedia":[{"embeddable":true,"href":"https:\/\/biopolymerstrade.com\/en\/wp-json\/wp\/v2\/media\/1277"}],"wp:attachment":[{"href":"https:\/\/biopolymerstrade.com\/en\/wp-json\/wp\/v2\/media?parent=1522"}],"curies":[{"name":"wp","href":"https:\/\/api.w.org\/{rel}","templated":true}]}}