{"id":245,"date":"2022-04-18T11:25:15","date_gmt":"2022-04-18T09:25:15","guid":{"rendered":"https:\/\/biopolymerstrade.com\/?page_id=245"},"modified":"2026-03-02T17:19:51","modified_gmt":"2026-03-02T16:19:51","slug":"bioplast-buducnosti","status":"publish","type":"page","link":"https:\/\/biopolymerstrade.com\/da","title":{"rendered":"Bioplast bud\u00facnosti"},"content":{"rendered":"","protected":false},"excerpt":{"rendered":"","protected":false},"author":1,"featured_media":472,"parent":0,"menu_order":0,"comment_status":"closed","ping_status":"closed","template":"","meta":{"_acf_changed":false,"footnotes":""},"class_list":["post-245","page","type-page","status-publish","has-post-thumbnail","hentry"],"acf":[],"yoast_head":"<!-- This site is optimized with the Yoast SEO plugin v27.5 - https:\/\/yoast.com\/product\/yoast-seo-wordpress\/ -->\n<title>Bioplast bud\u00facnosti - Biopolymers<\/title>\n<meta name=\"description\" content=\"Biopolym\u00e9ry, kompostovate\u013en\u00e9 a biodegradovate\u013en\u00e9 biomateri\u00e1ly, PCR materi\u00e1ly a biohnojiv\u00e1 pre ekologick\u00fa v\u00fdrobu a udr\u017eate\u013en\u00e9 rie\u0161enia.\" \/>\n<meta name=\"robots\" content=\"index, follow, max-snippet:-1, max-image-preview:large, max-video-preview:-1\" \/>\n<link rel=\"canonical\" href=\"https:\/\/biopolymerstrade.com\/da\" \/>\n<meta property=\"og:locale\" content=\"da_DK\" \/>\n<meta property=\"og:type\" content=\"article\" \/>\n<meta property=\"og:title\" content=\"Bioplast bud\u00facnosti - Biopolymers\" \/>\n<meta property=\"og:description\" content=\"Biopolym\u00e9ry, kompostovate\u013en\u00e9 a biodegradovate\u013en\u00e9 biomateri\u00e1ly, PCR materi\u00e1ly a biohnojiv\u00e1 pre ekologick\u00fa v\u00fdrobu a udr\u017eate\u013en\u00e9 rie\u0161enia.\" \/>\n<meta property=\"og:url\" content=\"https:\/\/biopolymerstrade.com\/da\" \/>\n<meta property=\"og:site_name\" content=\"Biopolymers\" \/>\n<meta property=\"article:modified_time\" content=\"2026-03-02T16:19:51+00:00\" \/>\n<meta property=\"og:image\" content=\"https:\/\/biopolymerstrade.com\/wp-content\/uploads\/2023\/04\/brand2-01-1.jpg\" \/>\n\t<meta property=\"og:image:width\" content=\"1920\" \/>\n\t<meta property=\"og:image:height\" content=\"1080\" \/>\n\t<meta property=\"og:image:type\" content=\"image\/jpeg\" \/>\n<meta name=\"twitter:card\" content=\"summary_large_image\" \/>\n<meta name=\"twitter:label1\" content=\"Estimeret l\u00e6setid\" \/>\n\t<meta name=\"twitter:data1\" content=\"1 minut\" \/>\n<script type=\"application\/ld+json\" class=\"yoast-schema-graph\">{\"@context\":\"https:\\\/\\\/schema.org\",\"@graph\":[{\"@type\":\"WebPage\",\"@id\":\"https:\\\/\\\/biopolymerstrade.com\\\/\",\"url\":\"https:\\\/\\\/biopolymerstrade.com\\\/\",\"name\":\"Bioplast bud\u00facnosti - Biopolymers\",\"isPartOf\":{\"@id\":\"https:\\\/\\\/biopolymerstrade.com\\\/#website\"},\"primaryImageOfPage\":{\"@id\":\"https:\\\/\\\/biopolymerstrade.com\\\/#primaryimage\"},\"image\":{\"@id\":\"https:\\\/\\\/biopolymerstrade.com\\\/#primaryimage\"},\"thumbnailUrl\":\"https:\\\/\\\/biopolymerstrade.com\\\/wp-content\\\/uploads\\\/2023\\\/04\\\/brand2-01-1.jpg\",\"datePublished\":\"2022-04-18T09:25:15+00:00\",\"dateModified\":\"2026-03-02T16:19:51+00:00\",\"description\":\"Biopolym\u00e9ry, kompostovate\u013en\u00e9 a biodegradovate\u013en\u00e9 biomateri\u00e1ly, PCR materi\u00e1ly a biohnojiv\u00e1 pre ekologick\u00fa v\u00fdrobu a udr\u017eate\u013en\u00e9 rie\u0161enia.\",\"breadcrumb\":{\"@id\":\"https:\\\/\\\/biopolymerstrade.com\\\/#breadcrumb\"},\"inLanguage\":\"da-DK\",\"potentialAction\":[{\"@type\":\"ReadAction\",\"target\":[\"https:\\\/\\\/biopolymerstrade.com\\\/\"]}]},{\"@type\":\"ImageObject\",\"inLanguage\":\"da-DK\",\"@id\":\"https:\\\/\\\/biopolymerstrade.com\\\/#primaryimage\",\"url\":\"https:\\\/\\\/biopolymerstrade.com\\\/wp-content\\\/uploads\\\/2023\\\/04\\\/brand2-01-1.jpg\",\"contentUrl\":\"https:\\\/\\\/biopolymerstrade.com\\\/wp-content\\\/uploads\\\/2023\\\/04\\\/brand2-01-1.jpg\",\"width\":1920,\"height\":1080},{\"@type\":\"BreadcrumbList\",\"@id\":\"https:\\\/\\\/biopolymerstrade.com\\\/#breadcrumb\",\"itemListElement\":[{\"@type\":\"ListItem\",\"position\":1,\"name\":\"Domovsk\u00e1 str\u00e1nka\",\"item\":\"https:\\\/\\\/biopolymerstrade.com\\\/\"},{\"@type\":\"ListItem\",\"position\":2,\"name\":\"Bioplast bud\u00facnosti\"}]},{\"@type\":\"WebSite\",\"@id\":\"https:\\\/\\\/biopolymerstrade.com\\\/#website\",\"url\":\"https:\\\/\\\/biopolymerstrade.com\\\/\",\"name\":\"Biopolymers\",\"description\":\"Bioplast bud\u00facnosti\",\"publisher\":{\"@id\":\"https:\\\/\\\/biopolymerstrade.com\\\/#organization\"},\"potentialAction\":[{\"@type\":\"SearchAction\",\"target\":{\"@type\":\"EntryPoint\",\"urlTemplate\":\"https:\\\/\\\/biopolymerstrade.com\\\/?s={search_term_string}\"},\"query-input\":{\"@type\":\"PropertyValueSpecification\",\"valueRequired\":true,\"valueName\":\"search_term_string\"}}],\"inLanguage\":\"da-DK\"},{\"@type\":\"Organization\",\"@id\":\"https:\\\/\\\/biopolymerstrade.com\\\/#organization\",\"name\":\"Biopolymers Trade\",\"url\":\"https:\\\/\\\/biopolymerstrade.com\\\/\",\"logo\":{\"@type\":\"ImageObject\",\"inLanguage\":\"da-DK\",\"@id\":\"https:\\\/\\\/biopolymerstrade.com\\\/#\\\/schema\\\/logo\\\/image\\\/\",\"url\":\"https:\\\/\\\/biopolymerstrade.com\\\/wp-content\\\/uploads\\\/2022\\\/04\\\/logo_bp_3.svg\",\"contentUrl\":\"https:\\\/\\\/biopolymerstrade.com\\\/wp-content\\\/uploads\\\/2022\\\/04\\\/logo_bp_3.svg\",\"width\":1243,\"height\":269,\"caption\":\"Biopolymers Trade\"},\"image\":{\"@id\":\"https:\\\/\\\/biopolymerstrade.com\\\/#\\\/schema\\\/logo\\\/image\\\/\"}}]}<\/script>\n<!-- \/ Yoast SEO plugin. -->","yoast_head_json":{"title":"Fremtidens bioplast \u2013 Biopolymerer","description":"Biopolymerer, komposterbare og bionedbrydelige biomaterialer, PCR-materialer og bio-g\u00f8dning til b\u00e6redygtig produktion og milj\u00f8venlige l\u00f8sninger.","robots":{"index":"index","follow":"follow","max-snippet":"max-snippet:-1","max-image-preview":"max-image-preview:large","max-video-preview":"max-video-preview:-1"},"canonical":"https:\/\/biopolymerstrade.com\/da","og_locale":"da_DK","og_type":"article","og_title":"Bioplast bud\u00facnosti - Biopolymers","og_description":"Biopolym\u00e9ry, kompostovate\u013en\u00e9 a biodegradovate\u013en\u00e9 biomateri\u00e1ly, PCR materi\u00e1ly a biohnojiv\u00e1 pre ekologick\u00fa v\u00fdrobu a udr\u017eate\u013en\u00e9 rie\u0161enia.","og_url":"https:\/\/biopolymerstrade.com\/da","og_site_name":"Biopolymers","article_modified_time":"2026-03-02T16:19:51+00:00","og_image":[{"width":1920,"height":1080,"url":"https:\/\/biopolymerstrade.com\/wp-content\/uploads\/2023\/04\/brand2-01-1.jpg","type":"image\/jpeg"}],"twitter_card":"summary_large_image","twitter_misc":{"Estimeret l\u00e6setid":"1 minut"},"schema":{"@context":"https:\/\/schema.org","@graph":[{"@type":"WebPage","@id":"https:\/\/biopolymerstrade.com\/","url":"https:\/\/biopolymerstrade.com\/","name":"Fremtidens bioplast \u2013 Biopolymerer","isPartOf":{"@id":"https:\/\/biopolymerstrade.com\/#website"},"primaryImageOfPage":{"@id":"https:\/\/biopolymerstrade.com\/#primaryimage"},"image":{"@id":"https:\/\/biopolymerstrade.com\/#primaryimage"},"thumbnailUrl":"https:\/\/biopolymerstrade.com\/wp-content\/uploads\/2023\/04\/brand2-01-1.jpg","datePublished":"2022-04-18T09:25:15+00:00","dateModified":"2026-03-02T16:19:51+00:00","description":"Biopolymerer, komposterbare og bionedbrydelige biomaterialer, PCR-materialer og bio-g\u00f8dning til b\u00e6redygtig produktion og milj\u00f8venlige l\u00f8sninger.","breadcrumb":{"@id":"https:\/\/biopolymerstrade.com\/#breadcrumb"},"inLanguage":"da-DK","potentialAction":[{"@type":"ReadAction","target":["https:\/\/biopolymerstrade.com\/"]}]},{"@type":"ImageObject","inLanguage":"da-DK","@id":"https:\/\/biopolymerstrade.com\/#primaryimage","url":"https:\/\/biopolymerstrade.com\/wp-content\/uploads\/2023\/04\/brand2-01-1.jpg","contentUrl":"https:\/\/biopolymerstrade.com\/wp-content\/uploads\/2023\/04\/brand2-01-1.jpg","width":1920,"height":1080},{"@type":"BreadcrumbList","@id":"https:\/\/biopolymerstrade.com\/#breadcrumb","itemListElement":[{"@type":"ListItem","position":1,"name":"Domovsk\u00e1 str\u00e1nka","item":"https:\/\/biopolymerstrade.com\/"},{"@type":"ListItem","position":2,"name":"Bioplast bud\u00facnosti"}]},{"@type":"WebSite","@id":"https:\/\/biopolymerstrade.com\/#website","url":"https:\/\/biopolymerstrade.com\/","name":"Biopolymers","description":"Bioplast bud\u00facnosti","publisher":{"@id":"https:\/\/biopolymerstrade.com\/#organization"},"potentialAction":[{"@type":"SearchAction","target":{"@type":"EntryPoint","urlTemplate":"https:\/\/biopolymerstrade.com\/?s={search_term_string}"},"query-input":{"@type":"PropertyValueSpecification","valueRequired":true,"valueName":"search_term_string"}}],"inLanguage":"da-DK"},{"@type":"Organization","@id":"https:\/\/biopolymerstrade.com\/#organization","name":"Biopolymers Trade","url":"https:\/\/biopolymerstrade.com\/","logo":{"@type":"ImageObject","inLanguage":"da-DK","@id":"https:\/\/biopolymerstrade.com\/#\/schema\/logo\/image\/","url":"https:\/\/biopolymerstrade.com\/wp-content\/uploads\/2022\/04\/logo_bp_3.svg","contentUrl":"https:\/\/biopolymerstrade.com\/wp-content\/uploads\/2022\/04\/logo_bp_3.svg","width":1243,"height":269,"caption":"Biopolymers Trade"},"image":{"@id":"https:\/\/biopolymerstrade.com\/#\/schema\/logo\/image\/"}}]}},"_links":{"self":[{"href":"https:\/\/biopolymerstrade.com\/da\/wp-json\/wp\/v2\/pages\/245","targetHints":{"allow":["GET"]}}],"collection":[{"href":"https:\/\/biopolymerstrade.com\/da\/wp-json\/wp\/v2\/pages"}],"about":[{"href":"https:\/\/biopolymerstrade.com\/da\/wp-json\/wp\/v2\/types\/page"}],"author":[{"embeddable":true,"href":"https:\/\/biopolymerstrade.com\/da\/wp-json\/wp\/v2\/users\/1"}],"replies":[{"embeddable":true,"href":"https:\/\/biopolymerstrade.com\/da\/wp-json\/wp\/v2\/comments?post=245"}],"version-history":[{"count":3,"href":"https:\/\/biopolymerstrade.com\/da\/wp-json\/wp\/v2\/pages\/245\/revisions"}],"predecessor-version":[{"id":463,"href":"https:\/\/biopolymerstrade.com\/da\/wp-json\/wp\/v2\/pages\/245\/revisions\/463"}],"wp:featuredmedia":[{"embeddable":true,"href":"https:\/\/biopolymerstrade.com\/da\/wp-json\/wp\/v2\/media\/472"}],"wp:attachment":[{"href":"https:\/\/biopolymerstrade.com\/da\/wp-json\/wp\/v2\/media?parent=245"}],"curies":[{"name":"wp","href":"https:\/\/api.w.org\/{rel}","templated":true}]}}